{"id":2293,"date":"2025-11-24T15:48:16","date_gmt":"2025-11-24T15:48:16","guid":{"rendered":"https:\/\/digital.hutitsolutions.com\/?page_id=2293"},"modified":"2025-11-24T15:53:09","modified_gmt":"2025-11-24T15:53:09","slug":"politica-cookie","status":"publish","type":"page","link":"https:\/\/digital.hutitsolutions.com\/en\/politica-cookie\/","title":{"rendered":"Cookie Policy"},"content":{"rendered":"<div data-elementor-type=\"wp-page\" data-elementor-id=\"2293\" class=\"elementor elementor-2293\">\n\t\t\t\t<div class=\"elementor-element elementor-element-761ff83 e-con-full hero-section-light-mode e-flex wpr-particle-no wpr-jarallax-no wpr-parallax-no wpr-sticky-section-no wpr-equal-height-no e-con e-parent\" data-id=\"761ff83\" data-element_type=\"container\" data-e-type=\"container\">\n\t\t<div class=\"elementor-element elementor-element-79358a7 e-con-full animated-slow e-flex wpr-particle-no wpr-jarallax-no wpr-parallax-no wpr-sticky-section-no wpr-equal-height-no elementor-invisible e-con e-child\" data-id=\"79358a7\" data-element_type=\"container\" data-e-type=\"container\" data-settings=\"{&quot;background_background&quot;:&quot;classic&quot;,&quot;animation&quot;:&quot;fadeIn&quot;,&quot;animation_delay&quot;:100}\">\n\t\t<div class=\"elementor-element elementor-element-68fc92c e-con-full e-flex wpr-particle-no wpr-jarallax-no wpr-parallax-no wpr-sticky-section-no wpr-equal-height-no e-con e-child\" data-id=\"68fc92c\" data-element_type=\"container\" data-e-type=\"container\">\n\t\t<div class=\"elementor-element elementor-element-d28bbb8 animated-slow e-flex e-con-boxed wpr-particle-no wpr-jarallax-no wpr-parallax-no wpr-sticky-section-no wpr-equal-height-no elementor-invisible e-con e-child\" data-id=\"d28bbb8\" data-element_type=\"container\" data-e-type=\"container\" data-settings=\"{&quot;animation&quot;:&quot;fadeIn&quot;,&quot;animation_delay&quot;:100}\">\n\t\t\t\t\t<div class=\"e-con-inner\">\n\t\t\t\t<div class=\"elementor-element elementor-element-83061e7 elementor-widget elementor-widget-heading\" data-id=\"83061e7\" data-element_type=\"widget\" data-e-type=\"widget\" data-widget_type=\"heading.default\">\n\t\t\t\t<div class=\"elementor-widget-container\">\n\t\t\t\t\t<h1 class=\"elementor-heading-title elementor-size-default\">Cookie Policy<\/h1>\t\t\t\t<\/div>\n\t\t\t\t<\/div>\n\t\t\t\t<div class=\"elementor-element elementor-element-8eb44bb elementor-widget elementor-widget-heading\" data-id=\"8eb44bb\" data-element_type=\"widget\" data-e-type=\"widget\" data-widget_type=\"heading.default\">\n\t\t\t\t<div class=\"elementor-widget-container\">\n\t\t\t\t\t<h2 class=\"elementor-heading-title elementor-size-default\">How and Why We Use Cookies<\/h2>\t\t\t\t<\/div>\n\t\t\t\t<\/div>\n\t\t<div class=\"elementor-element elementor-element-a3857b5 e-con-full e-flex wpr-particle-no wpr-jarallax-no wpr-parallax-no wpr-sticky-section-no wpr-equal-height-no e-con e-child\" data-id=\"a3857b5\" data-element_type=\"container\" data-e-type=\"container\" data-settings=\"{&quot;background_background&quot;:&quot;classic&quot;}\">\n\t\t\t\t<\/div>\n\t\t\t\t\t<\/div>\n\t\t\t\t<\/div>\n\t\t\t\t<\/div>\n\t\t\t\t<\/div>\n\t\t\t\t<\/div>\n\t\t<div class=\"elementor-element elementor-element-e145ccb second-light-hero-v1 e-flex e-con-boxed wpr-particle-no wpr-jarallax-no wpr-parallax-no wpr-sticky-section-no wpr-equal-height-no e-con e-parent\" data-id=\"e145ccb\" data-element_type=\"container\" data-e-type=\"container\">\n\t\t\t\t\t<div class=\"e-con-inner\">\n\t\t<div class=\"elementor-element elementor-element-9db65e2 e-con-full e-flex wpr-particle-no wpr-jarallax-no wpr-parallax-no wpr-sticky-section-no wpr-equal-height-no e-con e-child\" data-id=\"9db65e2\" data-element_type=\"container\" data-e-type=\"container\">\n\t\t\t\t<div class=\"elementor-element elementor-element-5634da8 elementor-widget elementor-widget-text-editor\" data-id=\"5634da8\" data-element_type=\"widget\" data-e-type=\"widget\" data-widget_type=\"text-editor.default\">\n\t\t\t\t<div class=\"elementor-widget-container\">\n\t\t\t\t\t\t\t\t\t<p>Updated: August 2025<\/p>\t\t\t\t\t\t\t\t<\/div>\n\t\t\t\t<\/div>\n\t\t\t\t<\/div>\n\t\t<div class=\"elementor-element elementor-element-e276bc4 e-con-full e-flex wpr-particle-no wpr-jarallax-no wpr-parallax-no wpr-sticky-section-no wpr-equal-height-no e-con e-child\" data-id=\"e276bc4\" data-element_type=\"container\" data-e-type=\"container\">\n\t\t\t\t<div class=\"elementor-element elementor-element-13f733b elementor-widget elementor-widget-text-editor\" data-id=\"13f733b\" data-element_type=\"widget\" data-e-type=\"widget\" data-widget_type=\"text-editor.default\">\n\t\t\t\t<div class=\"elementor-widget-container\">\n\t\t\t\t\t\t\t\t\t<p data-start=\"546\" data-end=\"835\" class=\"translation-block\">This Cookie Policy explains how \u00a0<strong data-start=\"624\" data-end=\"650\"><a class=\"\" href=\"https:\/\/hutitsolutions.com\/ro\/\" data-start=\"626\" data-end=\"648\" target=\"_self\">www.hutitsolutions.com<\/strong>, as well as our subdomains \u00a0<a href=\"https:\/\/it.hutitsolutions.com\/ro\/\" target=\"_blank\" rel=\"noopener\"><strong>it.hutitsolutions.com<\/strong><\/a>\u00a0 and \u00a0<a href=\"https:\/\/digital.hutitsolutions.com\/en\/\" target=\"_blank\" rel=\"noopener\"><strong data-start=\"708\" data-end=\"738\">digital.hutitsolutions.com<\/strong><\/a>, use cookies and similar technologies to improve site performance and enhance your user experience.<\/p><p data-start=\"837\" data-end=\"1034\">By continuing to browse our site, you acknowledge that you have read, understood, and accepted this policy. You consent to our use of cookies based on the preferences you select in our consent banner.<\/p><p data-start=\"1036\" data-end=\"1230\" class=\"translation-block\">For more information on how we collect and process personal data, please refer to our <strong data-start=\"1162\" data-end=\"1229\"><a class=\"cursor-pointer\" href=\"https:\/\/digital.hutitsolutions.com\/en\/politica-de-confidentialitate\/\" rel=\"noopener\" data-start=\"1164\" data-end=\"1227\" target=\"_self\">Privacy Policy.<\/a><\/strong><\/p>\t\t\t\t\t\t\t\t<\/div>\n\t\t\t\t<\/div>\n\t\t\t\t<div class=\"elementor-element elementor-element-819c4fb elementor-widget elementor-widget-heading\" data-id=\"819c4fb\" data-element_type=\"widget\" data-e-type=\"widget\" data-widget_type=\"heading.default\">\n\t\t\t\t<div class=\"elementor-widget-container\">\n\t\t\t\t\t<h5 class=\"elementor-heading-title elementor-size-default\">1. What are Cookies?<\/h5>\t\t\t\t<\/div>\n\t\t\t\t<\/div>\n\t\t\t\t<div class=\"elementor-element elementor-element-61c8140 elementor-widget elementor-widget-text-editor\" data-id=\"61c8140\" data-element_type=\"widget\" data-e-type=\"widget\" data-widget_type=\"text-editor.default\">\n\t\t\t\t<div class=\"elementor-widget-container\">\n\t\t\t\t\t\t\t\t\t<p data-start=\"1277\" data-end=\"1588\">\"Cookies\" are small text files saved to your device's browser (computer, phone, or tablet) when you visit a website. They allow the site to remember information about your browsing session and preferences, ensuring the platform functions optimally and providing us with helpful statistical data.<\/p><p data-start=\"1590\" data-end=\"1610\">Cookies are generally categorized as:<\/p><ul data-start=\"1612\" data-end=\"1789\"><li data-start=\"1612\" data-end=\"1692\"><p data-start=\"1614\" data-end=\"1692\"><strong data-start=\"1614\" data-end=\"1637\">First-party cookies<\/strong>\u00a0- placed directly by the domain you are visiting (e.g., hutitsolutions.com).<\/p><\/li><li data-start=\"1693\" data-end=\"1789\"><p data-start=\"1695\" data-end=\"1789\"><strong data-start=\"1695\" data-end=\"1718\">Third-party cookies<\/strong>\u00a0- placed by external services we use (e.g., Google Analytics, online chat tools).<\/p><\/li><\/ul>\t\t\t\t\t\t\t\t<\/div>\n\t\t\t\t<\/div>\n\t\t\t\t<div class=\"elementor-element elementor-element-6af0351 elementor-widget elementor-widget-heading\" data-id=\"6af0351\" data-element_type=\"widget\" data-e-type=\"widget\" data-widget_type=\"heading.default\">\n\t\t\t\t<div class=\"elementor-widget-container\">\n\t\t\t\t\t<h5 class=\"elementor-heading-title elementor-size-default\">2. Types of Cookies We Use<\/h5>\t\t\t\t<\/div>\n\t\t\t\t<\/div>\n\t\t\t\t<div class=\"elementor-element elementor-element-13afb38 elementor-widget elementor-widget-heading\" data-id=\"13afb38\" data-element_type=\"widget\" data-e-type=\"widget\" data-widget_type=\"heading.default\">\n\t\t\t\t<div class=\"elementor-widget-container\">\n\t\t\t\t\t<h5 class=\"elementor-heading-title elementor-size-default\">3. Managing Your Cookie Preferences<\/h5>\t\t\t\t<\/div>\n\t\t\t\t<\/div>\n\t\t\t\t<div class=\"elementor-element elementor-element-fd5b8ca elementor-widget elementor-widget-text-editor\" data-id=\"fd5b8ca\" data-element_type=\"widget\" data-e-type=\"widget\" data-widget_type=\"text-editor.default\">\n\t\t\t\t<div class=\"elementor-widget-container\">\n\t\t\t\t\t\t\t\t\t<p data-start=\"3030\" data-end=\"3161\">Upon your first visit to our site, a banner will appear allowing you to accept or decline specific types of cookies.<\/p><p data-start=\"3163\" data-end=\"3307\">You can also manage or delete cookies directly through your browser settings. Below are helpful links for the most popular browsers:<\/p><ul data-start=\"3309\" data-end=\"3596\"><li data-start=\"3309\" data-end=\"3380\"><p data-start=\"3311\" data-end=\"3380\"><a class=\"cursor-pointer\" target=\"_new\" rel=\"noopener\" data-start=\"3311\" data-end=\"3380\">Google Chrome<\/a><\/p><\/li><li data-start=\"3381\" data-end=\"3448\"><p data-start=\"3383\" data-end=\"3448\"><a class=\"cursor-pointer\" target=\"_new\" rel=\"noopener\" data-start=\"3383\" data-end=\"3448\">Mozilla Firefox<\/a><\/p><\/li><li data-start=\"3449\" data-end=\"3525\"><p data-start=\"3451\" data-end=\"3525\"><a class=\"cursor-pointer\" target=\"_new\" rel=\"noopener\" data-start=\"3451\" data-end=\"3525\">Apple Safari<\/a><\/p><\/li><li data-start=\"3526\" data-end=\"3596\"><p data-start=\"3528\" data-end=\"3596\"><a class=\"cursor-pointer\" target=\"_new\" rel=\"noopener\" data-start=\"3528\" data-end=\"3596\">Microsoft Edge<\/a><\/p><\/li><\/ul><p data-start=\"3528\" data-end=\"3596\">Please Note: Disabling essential cookies may impact the functionality and performance of the website.<\/p>\t\t\t\t\t\t\t\t<\/div>\n\t\t\t\t<\/div>\n\t\t\t\t<div class=\"elementor-element elementor-element-c9e2e64 elementor-widget elementor-widget-heading\" data-id=\"c9e2e64\" data-element_type=\"widget\" data-e-type=\"widget\" data-widget_type=\"heading.default\">\n\t\t\t\t<div class=\"elementor-widget-container\">\n\t\t\t\t\t<h5 class=\"elementor-heading-title elementor-size-default\">4. Google Privacy Policy<\/h5>\t\t\t\t<\/div>\n\t\t\t\t<\/div>\n\t\t\t\t<div class=\"elementor-element elementor-element-696c04b elementor-widget elementor-widget-text-editor\" data-id=\"696c04b\" data-element_type=\"widget\" data-e-type=\"widget\" data-widget_type=\"text-editor.default\">\n\t\t\t\t<div class=\"elementor-widget-container\">\n\t\t\t\t\t\t\t\t\t<p data-start=\"320\" data-end=\"563\">As we use Google services (such as Google Analytics), some data may be processed by Google. You can find more details regarding their practices here:\u00a0<a class=\"\" href=\"https:\/\/www.google.com\/policies\/privacy\" target=\"_blank\" rel=\"nofollow noopener\" data-start=\"3876\" data-end=\"3958\">https:\/\/www.google.com\/policies\/privacy<\/a><\/p>\t\t\t\t\t\t\t\t<\/div>\n\t\t\t\t<\/div>\n\t\t\t\t<div class=\"elementor-element elementor-element-a433020 elementor-widget elementor-widget-heading\" data-id=\"a433020\" data-element_type=\"widget\" data-e-type=\"widget\" data-widget_type=\"heading.default\">\n\t\t\t\t<div class=\"elementor-widget-container\">\n\t\t\t\t\t<h6 class=\"elementor-heading-title elementor-size-default\">5. Contact Us<\/h6>\t\t\t\t<\/div>\n\t\t\t\t<\/div>\n\t\t\t\t<div class=\"elementor-element elementor-element-3356c9f elementor-widget elementor-widget-text-editor\" data-id=\"3356c9f\" data-element_type=\"widget\" data-e-type=\"widget\" data-widget_type=\"text-editor.default\">\n\t\t\t\t<div class=\"elementor-widget-container\">\n\t\t\t\t\t\t\t\t\t<p data-start=\"4032\" data-end=\"4062\">For any questions regarding data protection:<\/p><ul data-start=\"4064\" data-end=\"4180\"><li data-start=\"4064\" data-end=\"4106\"><p data-start=\"4066\" data-end=\"4106\"><strong data-start=\"4066\" data-end=\"4077\">Email:<\/strong>\u00a0<a class=\"cursor-pointer\" href=\"mailto:contact@hutitsolutions.com\" target=\"_blank\" rel=\"nofollow noopener\" data-start=\"4078\" data-end=\"4104\">contact@hutitsolutions.com<\/a><\/p><\/li><li data-start=\"4107\" data-end=\"4137\"><p data-start=\"4109\" data-end=\"4137\"><strong data-start=\"4109\" data-end=\"4121\">Phone:<\/strong>\u00a0<a href=\"tel:0770232195\" target=\"_blank\" rel=\"nofollow noopener\">0770 232 195<\/a><\/p><\/li><li data-start=\"4138\" data-end=\"4180\"><p data-start=\"4140\" data-end=\"4180\"><strong data-start=\"4140\" data-end=\"4151\">Address:<\/strong> 117 Saint Andrew the Apostle Street, Oradea 410333, Bihor County, Romania<\/p><\/li><\/ul>\t\t\t\t\t\t\t\t<\/div>\n\t\t\t\t<\/div>\n\t\t\t\t<\/div>\n\t\t\t\t\t<\/div>\n\t\t\t\t<\/div>\n\t\t\t\t<\/div>","protected":false},"excerpt":{"rendered":"<p>Politica cookie Cum \u0219i de ce folosim cookie-uri Actualizat: august 2025 Aceast\u0103 Politic\u0103 privind fi\u0219ierele tip \u201ecookie\u201d explic\u0103 modul \u00een care site-ul\u00a0www.hutitsolutions.com, precum \u0219i subdomeniile\u00a0it.hutitsolutions.com\u00a0\u0219i\u00a0digital.hutitsolutions.com, utilizeaz\u0103 cookie-uri pentru a \u00eembun\u0103t\u0103\u021bi func\u021bionarea platformei \u0219i experien\u021ba utilizatorului. Prin continuarea navig\u0103rii pe site, confirma\u021bi c\u0103 a\u021bi citit, \u00een\u021beles \u0219i acceptat prezenta politic\u0103 \u0219i consim\u021bi\u021bi la utilizarea cookie-urilor, conform op\u021biunilor oferite de bannerul de consim\u021b\u0103m\u00e2nt. Pentru informa\u021bii suplimentare despre modul \u00een care colect\u0103m \u0219i prelucr\u0103m datele cu caracter personal, v\u0103 rug\u0103m s\u0103 consulta\u021bi\u00a0Politica de Confiden\u021bialitate 1. Ce sunt fi\u0219ierele \u201ecookie\u201d? Fi\u0219ierele \u201ecookie\u201d sunt fi\u0219iere text mici salvate \u00een browserul dispozitivului dvs. (computer, telefon, tablet\u0103) atunci c\u00e2nd vizita\u021bi un site web. Ele permit re\u021binerea unor informa\u021bii despre sesiunea de navigare \u0219i preferin\u021bele dvs., pentru a asigura func\u021bionarea optim\u0103 a site-ului \u0219i pentru analize statistice. Cookie-urile pot fi: First-party cookies\u00a0\u2013 plasate de domeniul vizitat (ex: hutitsolutions.com) Third-party cookies\u00a0\u2013 plasate de servicii externe (ex: Google Analytics, Chat online etc.) 2. Ce tipuri de cookie-uri utiliz\u0103m 3. Gestionarea preferin\u021belor privind cookie-urile La prima vizit\u0103 pe site, ve\u021bi fi \u00eent\u00e2mpinat de un banner care v\u0103 permite s\u0103 accepta\u021bi sau s\u0103 refuza\u021bi anumite tipuri de cookie-uri. De asemenea, pute\u021bi gestiona sau \u0219terge cookie-urile din set\u0103rile browserului dvs. Mai jos sunt linkuri utile pentru cele mai folosite browsere: Google Chrome Mozilla Firefox Apple Safari Microsoft Edge Not\u0103: dezactivarea cookie-urilor esen\u021biale poate afecta func\u021bionarea site-ului. 4. Politica Google privind confiden\u021bialitatea datelor Dac\u0103 folosim servicii Google (ex: Google Analytics), este posibil ca unele date s\u0103 fie procesate de Google. Detalii aici:\u00a0https:\/\/www.google.com\/policies\/privacy 5. Contact Pentru orice \u00eentrebare legat\u0103 de protec\u021bia datelor: E-mail:\u00a0contact@hutitsolutions.com Telefon:\u00a00770 232 195 Adres\u0103: Strada Sf\u00e2ntul Apostol Andrei 117, Oradea 410333, Bihor, Rom\u00e2nia<\/p>","protected":false},"author":1,"featured_media":0,"parent":0,"menu_order":0,"comment_status":"closed","ping_status":"closed","template":"","meta":{"footnotes":""},"class_list":["post-2293","page","type-page","status-publish","hentry"],"blocksy_meta":[],"_links":{"self":[{"href":"https:\/\/digital.hutitsolutions.com\/en\/wp-json\/wp\/v2\/pages\/2293","targetHints":{"allow":["GET"]}}],"collection":[{"href":"https:\/\/digital.hutitsolutions.com\/en\/wp-json\/wp\/v2\/pages"}],"about":[{"href":"https:\/\/digital.hutitsolutions.com\/en\/wp-json\/wp\/v2\/types\/page"}],"author":[{"embeddable":true,"href":"https:\/\/digital.hutitsolutions.com\/en\/wp-json\/wp\/v2\/users\/1"}],"replies":[{"embeddable":true,"href":"https:\/\/digital.hutitsolutions.com\/en\/wp-json\/wp\/v2\/comments?post=2293"}],"version-history":[{"count":4,"href":"https:\/\/digital.hutitsolutions.com\/en\/wp-json\/wp\/v2\/pages\/2293\/revisions"}],"predecessor-version":[{"id":2297,"href":"https:\/\/digital.hutitsolutions.com\/en\/wp-json\/wp\/v2\/pages\/2293\/revisions\/2297"}],"wp:attachment":[{"href":"https:\/\/digital.hutitsolutions.com\/en\/wp-json\/wp\/v2\/media?parent=2293"}],"curies":[{"name":"wp","href":"https:\/\/api.w.org\/{rel}","templated":true}]}}